{"id":1588,"date":"2025-07-03T15:36:40","date_gmt":"2025-07-03T13:36:40","guid":{"rendered":"https:\/\/praemostro.com\/?page_id=1588"},"modified":"2025-07-07T09:39:28","modified_gmt":"2025-07-07T07:39:28","slug":"hvordan-virker-praemostros-praediktionssystem","status":"publish","type":"page","link":"https:\/\/praemostro.com\/en\/hvordan-virker-praemostros-praediktionssystem\/","title":{"rendered":"How does Praemostro's system work?"},"content":{"rendered":"\t\t<div data-elementor-type=\"wp-page\" data-elementor-id=\"1588\" class=\"elementor elementor-1588\" data-elementor-post-type=\"page\">\n\t\t\t\t<div class=\"elementor-element elementor-element-7644330 e-flex e-con-boxed e-con e-parent\" data-id=\"7644330\" data-element_type=\"container\" data-e-type=\"container\" data-settings=\"{&quot;background_background&quot;:&quot;classic&quot;,&quot;shape_divider_bottom&quot;:&quot;waves&quot;}\">\n\t\t\t\t\t<div class=\"e-con-inner\">\n\t\t\t\t<div class=\"elementor-shape elementor-shape-bottom\" aria-hidden=\"true\" data-negative=\"false\">\n\t\t\t<svg xmlns=\"http:\/\/www.w3.org\/2000\/svg\" viewBox=\"0 0 1000 100\" preserveAspectRatio=\"none\">\n\t<path class=\"elementor-shape-fill\" d=\"M421.9,6.5c22.6-2.5,51.5,0.4,75.5,5.3c23.6,4.9,70.9,23.5,100.5,35.7c75.8,32.2,133.7,44.5,192.6,49.7\n\tc23.6,2.1,48.7,3.5,103.4-2.5c54.7-6,106.2-25.6,106.2-25.6V0H0v30.3c0,0,72,32.6,158.4,30.5c39.2-0.7,92.8-6.7,134-22.4\n\tc21.2-8.1,52.2-18.2,79.7-24.2C399.3,7.9,411.6,7.5,421.9,6.5z\"\/>\n<\/svg>\t\t<\/div>\n\t\t\t\t<div class=\"elementor-element elementor-element-a8e5c9e elementor-widget elementor-widget-heading\" data-id=\"a8e5c9e\" data-element_type=\"widget\" data-e-type=\"widget\" data-widget_type=\"heading.default\">\n\t\t\t\t<div class=\"elementor-widget-container\">\n\t\t\t\t\t<h1 class=\"elementor-heading-title elementor-size-default\">Hvordan virker Praemostros system?\n<\/h1>\t\t\t\t<\/div>\n\t\t\t\t<\/div>\n\t\t\t\t<div class=\"elementor-element elementor-element-362689d elementor-align-center elementor-widget elementor-widget-post-info\" data-id=\"362689d\" data-element_type=\"widget\" data-e-type=\"widget\" data-widget_type=\"post-info.default\">\n\t\t\t\t<div class=\"elementor-widget-container\">\n\t\t\t\t\t\t\t<ul class=\"elementor-inline-items elementor-icon-list-items elementor-post-info\">\n\t\t\t\t\t\t\t\t<li class=\"elementor-icon-list-item elementor-repeater-item-2fc19d4 elementor-inline-item\" itemprop=\"datePublished\">\n\t\t\t\t\t\t\t\t\t\t<span class=\"elementor-icon-list-icon\">\n\t\t\t\t\t\t\t\t<i aria-hidden=\"true\" class=\"fas fa-calendar\"><\/i>\t\t\t\t\t\t\t<\/span>\n\t\t\t\t\t\t\t\t\t<span class=\"elementor-icon-list-text elementor-post-info__item elementor-post-info__item--type-date\">\n\t\t\t\t\t\t\t\t\t\t<time>03\/07\/2025<\/time>\t\t\t\t\t<\/span>\n\t\t\t\t\t\t\t\t<\/li>\n\t\t\t\t<\/ul>\n\t\t\t\t\t\t<\/div>\n\t\t\t\t<\/div>\n\t\t\t\t\t<\/div>\n\t\t\t\t<\/div>\n\t\t<div class=\"elementor-element elementor-element-6e56ffb e-flex e-con-boxed e-con e-parent\" data-id=\"6e56ffb\" data-element_type=\"container\" data-e-type=\"container\">\n\t\t\t\t\t<div class=\"e-con-inner\">\n\t\t\t\t<div class=\"elementor-element elementor-element-d719f7e elementor-widget elementor-widget-heading\" data-id=\"d719f7e\" data-element_type=\"widget\" data-e-type=\"widget\" data-widget_type=\"heading.default\">\n\t\t\t\t<div class=\"elementor-widget-container\">\n\t\t\t\t\t<h2 class=\"elementor-heading-title elementor-size-default\">Her f\u00e5r du indblik i, hvordan Praemostros pr\u00e6diktionssystem virker, og hvordan graferne ser ud p\u00e5 forskellige typer vagter - fra stille til travle.\n<\/h2>\t\t\t\t<\/div>\n\t\t\t\t<\/div>\n\t\t\t\t\t<\/div>\n\t\t\t\t<\/div>\n\t\t<div class=\"elementor-element elementor-element-87cbfec e-flex e-con-boxed e-con e-parent\" data-id=\"87cbfec\" data-element_type=\"container\" data-e-type=\"container\">\n\t\t\t\t\t<div class=\"e-con-inner\">\n\t\t\t\t<div class=\"elementor-element elementor-element-833cb3e elementor-widget elementor-widget-image\" data-id=\"833cb3e\" data-element_type=\"widget\" data-e-type=\"widget\" data-widget_type=\"image.default\">\n\t\t\t\t<div class=\"elementor-widget-container\">\n\t\t\t\t\t\t\t\t\t\t\t\t\t\t\t<img fetchpriority=\"high\" decoding=\"async\" width=\"2048\" height=\"1365\" src=\"https:\/\/praemostro.com\/wp-content\/uploads\/philipp-katzenberger-iIJrUoeRoCQ-unsplash-2048x1365-1.jpg\" class=\"attachment-full size-full wp-image-2044\" alt=\"\" srcset=\"https:\/\/praemostro.com\/wp-content\/uploads\/philipp-katzenberger-iIJrUoeRoCQ-unsplash-2048x1365-1.jpg 2048w, https:\/\/praemostro.com\/wp-content\/uploads\/philipp-katzenberger-iIJrUoeRoCQ-unsplash-2048x1365-1-300x200.jpg 300w, https:\/\/praemostro.com\/wp-content\/uploads\/philipp-katzenberger-iIJrUoeRoCQ-unsplash-2048x1365-1-1024x683.jpg 1024w, https:\/\/praemostro.com\/wp-content\/uploads\/philipp-katzenberger-iIJrUoeRoCQ-unsplash-2048x1365-1-768x512.jpg 768w, https:\/\/praemostro.com\/wp-content\/uploads\/philipp-katzenberger-iIJrUoeRoCQ-unsplash-2048x1365-1-1536x1024.jpg 1536w, https:\/\/praemostro.com\/wp-content\/uploads\/philipp-katzenberger-iIJrUoeRoCQ-unsplash-2048x1365-1-18x12.jpg 18w\" sizes=\"(max-width: 2048px) 100vw, 2048px\" \/>\t\t\t\t\t\t\t\t\t\t\t\t\t\t\t<\/div>\n\t\t\t\t<\/div>\n\t\t<div class=\"elementor-element elementor-element-ef1b6dd e-con-full e-flex e-con e-child\" data-id=\"ef1b6dd\" data-element_type=\"container\" data-e-type=\"container\">\n\t\t<div class=\"elementor-element elementor-element-b30e11b e-con-full e-flex e-con e-child\" data-id=\"b30e11b\" data-element_type=\"container\" data-e-type=\"container\">\n\t\t\t\t<div class=\"elementor-element elementor-element-12a8cf7 elementor-widget elementor-widget-text-editor\" data-id=\"12a8cf7\" data-element_type=\"widget\" data-e-type=\"widget\" data-widget_type=\"text-editor.default\">\n\t\t\t\t<div class=\"elementor-widget-container\">\n\t\t\t\t\t\t\t\t\t<p>Hvordan virker Praemostros pr\u00e6diktionssystem? Det f\u00e5r du indblik i her ved at klikke p\u00e5 de enkelte linjer nedenfor.<\/p><p>Den afdeling, som eksemplerne er hentet fra, har kapacitet til at modtage 4-6 patienter i timen i dagtid, 3-4 i aftentid og 2 i timen om natten. Hvis der kommer flere end det givne antal i timen, risikerer man, at patienterne hober sig op, og at der opst\u00e5r det, der i fagtermer hedder crowding.<\/p>\t\t\t\t\t\t\t\t<\/div>\n\t\t\t\t<\/div>\n\t\t\t\t<\/div>\n\t\t<div class=\"elementor-element elementor-element-4513069 e-con-full e-flex e-con e-child\" data-id=\"4513069\" data-element_type=\"container\" data-e-type=\"container\">\n\t\t\t\t<div class=\"elementor-element elementor-element-c275cd2 elementor-widget elementor-widget-heading\" data-id=\"c275cd2\" data-element_type=\"widget\" data-e-type=\"widget\" data-settings=\"{&quot;motion_fx_motion_fx_scrolling&quot;:&quot;yes&quot;,&quot;motion_fx_translateY_effect&quot;:&quot;yes&quot;,&quot;motion_fx_translateY_speed&quot;:{&quot;unit&quot;:&quot;px&quot;,&quot;size&quot;:0.5,&quot;sizes&quot;:[]},&quot;motion_fx_translateY_affectedRange&quot;:{&quot;unit&quot;:&quot;%&quot;,&quot;size&quot;:&quot;&quot;,&quot;sizes&quot;:{&quot;start&quot;:0,&quot;end&quot;:50}},&quot;motion_fx_opacity_effect&quot;:&quot;yes&quot;,&quot;motion_fx_opacity_range&quot;:{&quot;unit&quot;:&quot;%&quot;,&quot;size&quot;:&quot;&quot;,&quot;sizes&quot;:{&quot;start&quot;:0,&quot;end&quot;:50}},&quot;motion_fx_opacity_direction&quot;:&quot;out-in&quot;,&quot;motion_fx_opacity_level&quot;:{&quot;unit&quot;:&quot;px&quot;,&quot;size&quot;:10,&quot;sizes&quot;:[]},&quot;motion_fx_devices&quot;:[&quot;desktop&quot;,&quot;tablet&quot;,&quot;mobile&quot;]}\" data-widget_type=\"heading.default\">\n\t\t\t\t<div class=\"elementor-widget-container\">\n\t\t\t\t\t<h2 class=\"elementor-heading-title elementor-size-default\">Klik p\u00e5 linjerne for at se mere\n<\/h2>\t\t\t\t<\/div>\n\t\t\t\t<\/div>\n\t\t\t\t<div class=\"elementor-element elementor-element-37f5476 elementor-widget elementor-widget-text-editor\" data-id=\"37f5476\" data-element_type=\"widget\" data-e-type=\"widget\" data-widget_type=\"text-editor.default\">\n\t\t\t\t<div class=\"elementor-widget-container\">\n\t\t\t\t\t\t\t\t\t<p><a href=\"https:\/\/praemostro.com\/wp-content\/uploads\/Busy-night-shift.pdf\" target=\"_blank\" rel=\"noopener\"><span style=\"text-decoration: underline;\">Busy night shift: S\u00e5dan ser vores grafer ud p\u00e5 en travl nattevagt.<\/span><\/a><\/p><p><a href=\"https:\/\/praemostro.com\/wp-content\/uploads\/Quiet-night-shift.pdf\" target=\"_blank\" rel=\"noopener\"><span style=\"text-decoration: underline;\">Quiet night shift: S\u00e5dan ser vores grafer ud p\u00e5 en stille nattevagt.<\/span><\/a><\/p><p><a href=\"https:\/\/praemostro.com\/wp-content\/uploads\/Busy-night-shift.pdf\" target=\"_blank\" rel=\"noopener\"><span style=\"text-decoration: underline;\">Normal day 1: S\u00e5dan ser vores grafer ud en helt almindelig dag.<\/span><\/a><\/p><p><a href=\"https:\/\/praemostro.com\/wp-content\/uploads\/Normal-day-2.pdf\" target=\"_blank\" rel=\"noopener\"><span style=\"text-decoration: underline;\">Normal day 2: S\u00e5dan ser vores grafer ud en anden helt almindelig dag.<\/span><\/a><\/p><p><a href=\"https:\/\/praemostro.com\/wp-content\/uploads\/Busy-evening-shift.pdf\" target=\"_blank\" rel=\"noopener\"><span style=\"text-decoration: underline;\">Busy evening shift: S\u00e5dan ser vores grafer ud p\u00e5 en travl aftenvagt.<\/span><\/a><\/p><p><a href=\"https:\/\/praemostro.com\/wp-content\/uploads\/Quiet-evening-shift.pdf\" target=\"_blank\" rel=\"noopener\"><span style=\"text-decoration: underline;\">Quiet evening shift: S\u00e5dan ser vores grafer ud p\u00e5 en stille aftenvagt. <\/span><\/a><\/p>\t\t\t\t\t\t\t\t<\/div>\n\t\t\t\t<\/div>\n\t\t\t\t<\/div>\n\t\t\t\t<div class=\"elementor-element elementor-element-e9d013a elementor-align-center elementor-tablet-align-left elementor-widget elementor-widget-button\" data-id=\"e9d013a\" data-element_type=\"widget\" data-e-type=\"widget\" data-widget_type=\"button.default\">\n\t\t\t\t<div class=\"elementor-widget-container\">\n\t\t\t\t\t\t\t\t\t<div class=\"elementor-button-wrapper\">\n\t\t\t\t\t<a class=\"elementor-button elementor-button-link elementor-size-sm\" href=\"https:\/\/praemostro.com\/en\/kontakt\/\">\n\t\t\t\t\t\t<span class=\"elementor-button-content-wrapper\">\n\t\t\t\t\t\t<span class=\"elementor-button-icon\">\n\t\t\t\t<i aria-hidden=\"true\" class=\"far fa-arrow-right\"><\/i>\t\t\t<\/span>\n\t\t\t\t\t\t\t\t\t<span class=\"elementor-button-text\">Kontakt os gerne for mere info<\/span>\n\t\t\t\t\t<\/span>\n\t\t\t\t\t<\/a>\n\t\t\t\t<\/div>\n\t\t\t\t\t\t\t\t<\/div>\n\t\t\t\t<\/div>\n\t\t\t\t<\/div>\n\t\t\t\t\t<\/div>\n\t\t\t\t<\/div>\n\t\t<div class=\"elementor-element elementor-element-8bca2c7 e-flex e-con-boxed e-con e-parent\" data-id=\"8bca2c7\" data-element_type=\"container\" data-e-type=\"container\" data-settings=\"{&quot;background_background&quot;:&quot;classic&quot;,&quot;shape_divider_top&quot;:&quot;waves&quot;}\">\n\t\t\t\t\t<div class=\"e-con-inner\">\n\t\t\t\t<div class=\"elementor-shape elementor-shape-top\" aria-hidden=\"true\" data-negative=\"false\">\n\t\t\t<svg xmlns=\"http:\/\/www.w3.org\/2000\/svg\" viewBox=\"0 0 1000 100\" preserveAspectRatio=\"none\">\n\t<path class=\"elementor-shape-fill\" d=\"M421.9,6.5c22.6-2.5,51.5,0.4,75.5,5.3c23.6,4.9,70.9,23.5,100.5,35.7c75.8,32.2,133.7,44.5,192.6,49.7\n\tc23.6,2.1,48.7,3.5,103.4-2.5c54.7-6,106.2-25.6,106.2-25.6V0H0v30.3c0,0,72,32.6,158.4,30.5c39.2-0.7,92.8-6.7,134-22.4\n\tc21.2-8.1,52.2-18.2,79.7-24.2C399.3,7.9,411.6,7.5,421.9,6.5z\"\/>\n<\/svg>\t\t<\/div>\n\t\t<div class=\"elementor-element elementor-element-0a0da5e e-con-full e-flex e-con e-child\" data-id=\"0a0da5e\" data-element_type=\"container\" data-e-type=\"container\">\n\t\t\t\t<div class=\"elementor-element elementor-element-033ead0 elementor-widget elementor-widget-heading\" data-id=\"033ead0\" data-element_type=\"widget\" data-e-type=\"widget\" data-widget_type=\"heading.default\">\n\t\t\t\t<div class=\"elementor-widget-container\">\n\t\t\t\t\t<h2 class=\"elementor-heading-title elementor-size-default\">Skal vi tage et kig ind i fremtiden?<\/h2>\t\t\t\t<\/div>\n\t\t\t\t<\/div>\n\t\t\t\t<div class=\"elementor-element elementor-element-c3012b9 elementor-widget elementor-widget-heading\" data-id=\"c3012b9\" data-element_type=\"widget\" data-e-type=\"widget\" data-widget_type=\"heading.default\">\n\t\t\t\t<div class=\"elementor-widget-container\">\n\t\t\t\t\t<h3 class=\"elementor-heading-title elementor-size-default\">Kontakt os, og vi vender tilbage hurtigst muligt<\/h3>\t\t\t\t<\/div>\n\t\t\t\t<\/div>\n\t\t\t\t<div class=\"elementor-element elementor-element-3cb66ff elementor-tablet-align-center elementor-mobile-align-center elementor-widget elementor-widget-button\" data-id=\"3cb66ff\" data-element_type=\"widget\" data-e-type=\"widget\" data-widget_type=\"button.default\">\n\t\t\t\t<div class=\"elementor-widget-container\">\n\t\t\t\t\t\t\t\t\t<div class=\"elementor-button-wrapper\">\n\t\t\t\t\t<a class=\"elementor-button elementor-button-link elementor-size-sm\" href=\"https:\/\/praemostro.com\/en\/kontakt\/\">\n\t\t\t\t\t\t<span class=\"elementor-button-content-wrapper\">\n\t\t\t\t\t\t<span class=\"elementor-button-icon\">\n\t\t\t\t<i aria-hidden=\"true\" class=\"far fa-arrow-right\"><\/i>\t\t\t<\/span>\n\t\t\t\t\t\t\t\t\t<span class=\"elementor-button-text\">Kontakt os<\/span>\n\t\t\t\t\t<\/span>\n\t\t\t\t\t<\/a>\n\t\t\t\t<\/div>\n\t\t\t\t\t\t\t\t<\/div>\n\t\t\t\t<\/div>\n\t\t\t\t<\/div>\n\t\t<div class=\"elementor-element elementor-element-20ad311 e-con-full e-flex e-con e-child\" data-id=\"20ad311\" data-element_type=\"container\" data-e-type=\"container\">\n\t\t\t\t<div class=\"elementor-element elementor-element-3619018 elementor-widget elementor-widget-image\" data-id=\"3619018\" data-element_type=\"widget\" data-e-type=\"widget\" data-settings=\"{&quot;motion_fx_motion_fx_scrolling&quot;:&quot;yes&quot;,&quot;motion_fx_translateY_effect&quot;:&quot;yes&quot;,&quot;motion_fx_translateY_direction&quot;:&quot;negative&quot;,&quot;motion_fx_translateY_speed&quot;:{&quot;unit&quot;:&quot;px&quot;,&quot;size&quot;:1,&quot;sizes&quot;:[]},&quot;motion_fx_translateY_affectedRange&quot;:{&quot;unit&quot;:&quot;%&quot;,&quot;size&quot;:&quot;&quot;,&quot;sizes&quot;:{&quot;start&quot;:0,&quot;end&quot;:50}},&quot;motion_fx_devices&quot;:[&quot;desktop&quot;,&quot;tablet&quot;,&quot;mobile&quot;]}\" data-widget_type=\"image.default\">\n\t\t\t\t<div class=\"elementor-widget-container\">\n\t\t\t\t\t\t\t\t\t\t\t\t\t\t\t<img decoding=\"async\" width=\"2048\" height=\"1368\" src=\"https:\/\/praemostro.com\/wp-content\/uploads\/Billede-3-scaled-1-scaled.webp\" class=\"attachment-full size-full wp-image-1794\" alt=\"\" srcset=\"https:\/\/praemostro.com\/wp-content\/uploads\/Billede-3-scaled-1-scaled.webp 2048w, https:\/\/praemostro.com\/wp-content\/uploads\/Billede-3-scaled-1-300x200.webp 300w, https:\/\/praemostro.com\/wp-content\/uploads\/Billede-3-scaled-1-1024x684.webp 1024w, https:\/\/praemostro.com\/wp-content\/uploads\/Billede-3-scaled-1-768x513.webp 768w, https:\/\/praemostro.com\/wp-content\/uploads\/Billede-3-scaled-1-1536x1026.webp 1536w, https:\/\/praemostro.com\/wp-content\/uploads\/Billede-3-scaled-1-18x12.webp 18w\" sizes=\"(max-width: 2048px) 100vw, 2048px\" \/>\t\t\t\t\t\t\t\t\t\t\t\t\t\t\t<\/div>\n\t\t\t\t<\/div>\n\t\t\t\t<\/div>\n\t\t\t\t\t<\/div>\n\t\t\t\t<\/div>\n\t\t\t\t<\/div>\n\t\t","protected":false},"excerpt":{"rendered":"<p>Hvordan virker Praemostros system? Her f\u00e5r du indblik i, hvordan Praemostros pr\u00e6diktionssystem virker, og hvordan graferne ser ud p\u00e5 forskellige typer vagter &#8211; fra stille til travle. Hvordan virker Praemostros pr\u00e6diktionssystem? Det f\u00e5r du indblik i her ved at klikke p\u00e5 de enkelte linjer nedenfor. Den afdeling, som eksemplerne er hentet fra, har kapacitet til [&hellip;]<\/p>\n","protected":false},"author":1,"featured_media":0,"parent":0,"menu_order":0,"comment_status":"closed","ping_status":"closed","template":"","meta":{"footnotes":""},"class_list":["post-1588","page","type-page","status-publish","hentry"],"yoast_head":"<!-- This site is optimized with the Yoast SEO plugin v27.4 - https:\/\/yoast.com\/product\/yoast-seo-wordpress\/ -->\n<title>Hvordan virker Praemostros system? - Praemostro<\/title>\n<meta name=\"description\" content=\"Hvordan virker Praemostros pr\u00e6diktionssystem? Det f\u00e5r du svar p\u00e5 i denne artikel. L\u00e6s med, og bliv klogere p\u00e5 vores forudsigelsesv\u00e6rkt\u00f8jer.\" \/>\n<meta name=\"robots\" content=\"index, follow, max-snippet:-1, max-image-preview:large, max-video-preview:-1\" \/>\n<link rel=\"canonical\" href=\"https:\/\/praemostro.com\/en\/hvordan-virker-praemostros-praediktionssystem\/\" \/>\n<meta property=\"og:locale\" content=\"en_US\" \/>\n<meta property=\"og:type\" content=\"article\" \/>\n<meta property=\"og:title\" content=\"Hvordan virker Praemostros system? - Praemostro\" \/>\n<meta property=\"og:description\" content=\"Hvordan virker Praemostros pr\u00e6diktionssystem? Det f\u00e5r du svar p\u00e5 i denne artikel. L\u00e6s med, og bliv klogere p\u00e5 vores forudsigelsesv\u00e6rkt\u00f8jer.\" \/>\n<meta property=\"og:url\" content=\"https:\/\/praemostro.com\/en\/hvordan-virker-praemostros-praediktionssystem\/\" \/>\n<meta property=\"og:site_name\" content=\"Praemostro\" \/>\n<meta property=\"article:modified_time\" content=\"2025-07-07T07:39:28+00:00\" \/>\n<meta property=\"og:image\" content=\"https:\/\/praemostro.com\/wp-content\/uploads\/philipp-katzenberger-iIJrUoeRoCQ-unsplash-2048x1365-1.jpg\" \/>\n<meta name=\"twitter:card\" content=\"summary_large_image\" \/>\n<meta name=\"twitter:label1\" content=\"Est. reading time\" \/>\n\t<meta name=\"twitter:data1\" content=\"2 minutes\" \/>\n<script type=\"application\/ld+json\" class=\"yoast-schema-graph\">{\"@context\":\"https:\\\/\\\/schema.org\",\"@graph\":[{\"@type\":\"WebPage\",\"@id\":\"https:\\\/\\\/praemostro.com\\\/hvordan-virker-praemostros-praediktionssystem\\\/\",\"url\":\"https:\\\/\\\/praemostro.com\\\/hvordan-virker-praemostros-praediktionssystem\\\/\",\"name\":\"Hvordan virker Praemostros system? - Praemostro\",\"isPartOf\":{\"@id\":\"https:\\\/\\\/praemostro.com\\\/#website\"},\"primaryImageOfPage\":{\"@id\":\"https:\\\/\\\/praemostro.com\\\/hvordan-virker-praemostros-praediktionssystem\\\/#primaryimage\"},\"image\":{\"@id\":\"https:\\\/\\\/praemostro.com\\\/hvordan-virker-praemostros-praediktionssystem\\\/#primaryimage\"},\"thumbnailUrl\":\"https:\\\/\\\/praemostro.com\\\/wp-content\\\/uploads\\\/philipp-katzenberger-iIJrUoeRoCQ-unsplash-2048x1365-1.jpg\",\"datePublished\":\"2025-07-03T13:36:40+00:00\",\"dateModified\":\"2025-07-07T07:39:28+00:00\",\"description\":\"Hvordan virker Praemostros pr\u00e6diktionssystem? Det f\u00e5r du svar p\u00e5 i denne artikel. L\u00e6s med, og bliv klogere p\u00e5 vores forudsigelsesv\u00e6rkt\u00f8jer.\",\"inLanguage\":\"en-US\",\"potentialAction\":[{\"@type\":\"ReadAction\",\"target\":[\"https:\\\/\\\/praemostro.com\\\/hvordan-virker-praemostros-praediktionssystem\\\/\"]}]},{\"@type\":\"ImageObject\",\"inLanguage\":\"en-US\",\"@id\":\"https:\\\/\\\/praemostro.com\\\/hvordan-virker-praemostros-praediktionssystem\\\/#primaryimage\",\"url\":\"https:\\\/\\\/praemostro.com\\\/wp-content\\\/uploads\\\/philipp-katzenberger-iIJrUoeRoCQ-unsplash-2048x1365-1.jpg\",\"contentUrl\":\"https:\\\/\\\/praemostro.com\\\/wp-content\\\/uploads\\\/philipp-katzenberger-iIJrUoeRoCQ-unsplash-2048x1365-1.jpg\"},{\"@type\":\"WebSite\",\"@id\":\"https:\\\/\\\/praemostro.com\\\/#website\",\"url\":\"https:\\\/\\\/praemostro.com\\\/\",\"name\":\"Praemostro\",\"description\":\"\",\"publisher\":{\"@id\":\"https:\\\/\\\/praemostro.com\\\/#organization\"},\"potentialAction\":[{\"@type\":\"SearchAction\",\"target\":{\"@type\":\"EntryPoint\",\"urlTemplate\":\"https:\\\/\\\/praemostro.com\\\/?s={search_term_string}\"},\"query-input\":{\"@type\":\"PropertyValueSpecification\",\"valueRequired\":true,\"valueName\":\"search_term_string\"}}],\"inLanguage\":\"en-US\"},{\"@type\":\"Organization\",\"@id\":\"https:\\\/\\\/praemostro.com\\\/#organization\",\"name\":\"Praemostro\",\"url\":\"https:\\\/\\\/praemostro.com\\\/\",\"logo\":{\"@type\":\"ImageObject\",\"inLanguage\":\"en-US\",\"@id\":\"https:\\\/\\\/praemostro.com\\\/#\\\/schema\\\/logo\\\/image\\\/\",\"url\":\"https:\\\/\\\/praemostro.com\\\/wp-content\\\/uploads\\\/Praemostro_Logo_Text_BO-scaled.png\",\"contentUrl\":\"https:\\\/\\\/praemostro.com\\\/wp-content\\\/uploads\\\/Praemostro_Logo_Text_BO-scaled.png\",\"width\":2048,\"height\":372,\"caption\":\"Praemostro\"},\"image\":{\"@id\":\"https:\\\/\\\/praemostro.com\\\/#\\\/schema\\\/logo\\\/image\\\/\"}}]}<\/script>\n<!-- \/ Yoast SEO plugin. -->","yoast_head_json":{"title":"How does Praemostro's system work? - Praemostro","description":"How does Praemostro\u2019s prediction system work? You\u2019ll find the answer in this article. Read on and learn more about our forecasting tools.","robots":{"index":"index","follow":"follow","max-snippet":"max-snippet:-1","max-image-preview":"max-image-preview:large","max-video-preview":"max-video-preview:-1"},"canonical":"https:\/\/praemostro.com\/en\/hvordan-virker-praemostros-praediktionssystem\/","og_locale":"en_US","og_type":"article","og_title":"Hvordan virker Praemostros system? - Praemostro","og_description":"Hvordan virker Praemostros pr\u00e6diktionssystem? Det f\u00e5r du svar p\u00e5 i denne artikel. L\u00e6s med, og bliv klogere p\u00e5 vores forudsigelsesv\u00e6rkt\u00f8jer.","og_url":"https:\/\/praemostro.com\/en\/hvordan-virker-praemostros-praediktionssystem\/","og_site_name":"Praemostro","article_modified_time":"2025-07-07T07:39:28+00:00","og_image":[{"url":"https:\/\/praemostro.com\/wp-content\/uploads\/philipp-katzenberger-iIJrUoeRoCQ-unsplash-2048x1365-1.jpg","type":"","width":"","height":""}],"twitter_card":"summary_large_image","twitter_misc":{"Est. reading time":"2 minutes"},"schema":{"@context":"https:\/\/schema.org","@graph":[{"@type":"WebPage","@id":"https:\/\/praemostro.com\/hvordan-virker-praemostros-praediktionssystem\/","url":"https:\/\/praemostro.com\/hvordan-virker-praemostros-praediktionssystem\/","name":"How does Praemostro's system work? - Praemostro","isPartOf":{"@id":"https:\/\/praemostro.com\/#website"},"primaryImageOfPage":{"@id":"https:\/\/praemostro.com\/hvordan-virker-praemostros-praediktionssystem\/#primaryimage"},"image":{"@id":"https:\/\/praemostro.com\/hvordan-virker-praemostros-praediktionssystem\/#primaryimage"},"thumbnailUrl":"https:\/\/praemostro.com\/wp-content\/uploads\/philipp-katzenberger-iIJrUoeRoCQ-unsplash-2048x1365-1.jpg","datePublished":"2025-07-03T13:36:40+00:00","dateModified":"2025-07-07T07:39:28+00:00","description":"How does Praemostro\u2019s prediction system work? You\u2019ll find the answer in this article. Read on and learn more about our forecasting tools.","inLanguage":"en-US","potentialAction":[{"@type":"ReadAction","target":["https:\/\/praemostro.com\/hvordan-virker-praemostros-praediktionssystem\/"]}]},{"@type":"ImageObject","inLanguage":"en-US","@id":"https:\/\/praemostro.com\/hvordan-virker-praemostros-praediktionssystem\/#primaryimage","url":"https:\/\/praemostro.com\/wp-content\/uploads\/philipp-katzenberger-iIJrUoeRoCQ-unsplash-2048x1365-1.jpg","contentUrl":"https:\/\/praemostro.com\/wp-content\/uploads\/philipp-katzenberger-iIJrUoeRoCQ-unsplash-2048x1365-1.jpg"},{"@type":"WebSite","@id":"https:\/\/praemostro.com\/#website","url":"https:\/\/praemostro.com\/","name":"Praemostro","description":"","publisher":{"@id":"https:\/\/praemostro.com\/#organization"},"potentialAction":[{"@type":"SearchAction","target":{"@type":"EntryPoint","urlTemplate":"https:\/\/praemostro.com\/?s={search_term_string}"},"query-input":{"@type":"PropertyValueSpecification","valueRequired":true,"valueName":"search_term_string"}}],"inLanguage":"en-US"},{"@type":"Organization","@id":"https:\/\/praemostro.com\/#organization","name":"Praemostro","url":"https:\/\/praemostro.com\/","logo":{"@type":"ImageObject","inLanguage":"en-US","@id":"https:\/\/praemostro.com\/#\/schema\/logo\/image\/","url":"https:\/\/praemostro.com\/wp-content\/uploads\/Praemostro_Logo_Text_BO-scaled.png","contentUrl":"https:\/\/praemostro.com\/wp-content\/uploads\/Praemostro_Logo_Text_BO-scaled.png","width":2048,"height":372,"caption":"Praemostro"},"image":{"@id":"https:\/\/praemostro.com\/#\/schema\/logo\/image\/"}}]}},"_links":{"self":[{"href":"https:\/\/praemostro.com\/en\/wp-json\/wp\/v2\/pages\/1588","targetHints":{"allow":["GET"]}}],"collection":[{"href":"https:\/\/praemostro.com\/en\/wp-json\/wp\/v2\/pages"}],"about":[{"href":"https:\/\/praemostro.com\/en\/wp-json\/wp\/v2\/types\/page"}],"author":[{"embeddable":true,"href":"https:\/\/praemostro.com\/en\/wp-json\/wp\/v2\/users\/1"}],"replies":[{"embeddable":true,"href":"https:\/\/praemostro.com\/en\/wp-json\/wp\/v2\/comments?post=1588"}],"version-history":[{"count":5,"href":"https:\/\/praemostro.com\/en\/wp-json\/wp\/v2\/pages\/1588\/revisions"}],"predecessor-version":[{"id":2153,"href":"https:\/\/praemostro.com\/en\/wp-json\/wp\/v2\/pages\/1588\/revisions\/2153"}],"wp:attachment":[{"href":"https:\/\/praemostro.com\/en\/wp-json\/wp\/v2\/media?parent=1588"}],"curies":[{"name":"wp","href":"https:\/\/api.w.org\/{rel}","templated":true}]}}