{"id":2378,"date":"2025-12-08T11:31:53","date_gmt":"2025-12-08T10:31:53","guid":{"rendered":"https:\/\/praemostro.com\/?page_id=2378"},"modified":"2025-12-08T11:44:04","modified_gmt":"2025-12-08T10:44:04","slug":"praemostros-forecasting-solution-goes-live-at-nordsjaellands-hospital","status":"publish","type":"page","link":"https:\/\/praemostro.com\/en\/praemostros-prognoseloesning-i-drift-paa-nordsjaellands-hospital\/","title":{"rendered":"Praemostros prognosel\u00f8sning i drift p\u00e5 Nordsj\u00e6llands Hospital"},"content":{"rendered":"\t\t<div data-elementor-type=\"wp-page\" data-elementor-id=\"2378\" class=\"elementor elementor-2378\" data-elementor-post-type=\"page\">\n\t\t\t\t<div class=\"elementor-element elementor-element-7644330 e-flex e-con-boxed e-con e-parent\" data-id=\"7644330\" data-element_type=\"container\" data-e-type=\"container\" data-settings=\"{&quot;background_background&quot;:&quot;classic&quot;,&quot;shape_divider_bottom&quot;:&quot;waves&quot;}\">\n\t\t\t\t\t<div class=\"e-con-inner\">\n\t\t\t\t<div class=\"elementor-shape elementor-shape-bottom\" aria-hidden=\"true\" data-negative=\"false\">\n\t\t\t<svg xmlns=\"http:\/\/www.w3.org\/2000\/svg\" viewBox=\"0 0 1000 100\" preserveAspectRatio=\"none\">\n\t<path class=\"elementor-shape-fill\" d=\"M421.9,6.5c22.6-2.5,51.5,0.4,75.5,5.3c23.6,4.9,70.9,23.5,100.5,35.7c75.8,32.2,133.7,44.5,192.6,49.7\n\tc23.6,2.1,48.7,3.5,103.4-2.5c54.7-6,106.2-25.6,106.2-25.6V0H0v30.3c0,0,72,32.6,158.4,30.5c39.2-0.7,92.8-6.7,134-22.4\n\tc21.2-8.1,52.2-18.2,79.7-24.2C399.3,7.9,411.6,7.5,421.9,6.5z\"\/>\n<\/svg>\t\t<\/div>\n\t\t\t\t<div class=\"elementor-element elementor-element-a8e5c9e elementor-widget elementor-widget-heading\" data-id=\"a8e5c9e\" data-element_type=\"widget\" data-e-type=\"widget\" data-widget_type=\"heading.default\">\n\t\t\t\t<div class=\"elementor-widget-container\">\n\t\t\t\t\t<h1 class=\"elementor-heading-title elementor-size-default\">NYHED: Praemostros prognosel\u00f8sning i drift p\u00e5 Nordsj\u00e6llands Hospital\n<\/h1>\t\t\t\t<\/div>\n\t\t\t\t<\/div>\n\t\t\t\t<div class=\"elementor-element elementor-element-362689d elementor-align-center elementor-widget elementor-widget-post-info\" data-id=\"362689d\" data-element_type=\"widget\" data-e-type=\"widget\" data-widget_type=\"post-info.default\">\n\t\t\t\t<div class=\"elementor-widget-container\">\n\t\t\t\t\t\t\t<ul class=\"elementor-inline-items elementor-icon-list-items elementor-post-info\">\n\t\t\t\t\t\t\t\t<li class=\"elementor-icon-list-item elementor-repeater-item-2fc19d4 elementor-inline-item\" itemprop=\"datePublished\">\n\t\t\t\t\t\t\t\t\t\t<span class=\"elementor-icon-list-icon\">\n\t\t\t\t\t\t\t\t<i aria-hidden=\"true\" class=\"fas fa-calendar\"><\/i>\t\t\t\t\t\t\t<\/span>\n\t\t\t\t\t\t\t\t\t<span class=\"elementor-icon-list-text elementor-post-info__item elementor-post-info__item--type-date\">\n\t\t\t\t\t\t\t\t\t\t<time>08\/12\/2025<\/time>\t\t\t\t\t<\/span>\n\t\t\t\t\t\t\t\t<\/li>\n\t\t\t\t<\/ul>\n\t\t\t\t\t\t<\/div>\n\t\t\t\t<\/div>\n\t\t\t\t\t<\/div>\n\t\t\t\t<\/div>\n\t\t<div class=\"elementor-element elementor-element-87cbfec e-flex e-con-boxed e-con e-parent\" data-id=\"87cbfec\" data-element_type=\"container\" data-e-type=\"container\">\n\t\t\t\t\t<div class=\"e-con-inner\">\n\t\t\t\t<div class=\"elementor-element elementor-element-833cb3e elementor-widget elementor-widget-image\" data-id=\"833cb3e\" data-element_type=\"widget\" data-e-type=\"widget\" data-widget_type=\"image.default\">\n\t\t\t\t<div class=\"elementor-widget-container\">\n\t\t\t\t\t\t\t\t\t\t\t\t\t\t\t<img fetchpriority=\"high\" decoding=\"async\" width=\"1184\" height=\"864\" src=\"https:\/\/praemostro.com\/wp-content\/uploads\/Firefly_Gemini-Flash_jeg-skal-gerne-bruge-en-tegning-til-en-artikel-hvor-en-mand-troldmand-aand-kigger-ind-714671-kopi.png\" class=\"attachment-full size-full wp-image-2380\" alt=\"Praemostros prognosel\u00f8sning i drift p\u00e5 Nordsj\u00e6llands Hospital\" srcset=\"https:\/\/praemostro.com\/wp-content\/uploads\/Firefly_Gemini-Flash_jeg-skal-gerne-bruge-en-tegning-til-en-artikel-hvor-en-mand-troldmand-aand-kigger-ind-714671-kopi.png 1184w, https:\/\/praemostro.com\/wp-content\/uploads\/Firefly_Gemini-Flash_jeg-skal-gerne-bruge-en-tegning-til-en-artikel-hvor-en-mand-troldmand-aand-kigger-ind-714671-kopi-300x219.png 300w, https:\/\/praemostro.com\/wp-content\/uploads\/Firefly_Gemini-Flash_jeg-skal-gerne-bruge-en-tegning-til-en-artikel-hvor-en-mand-troldmand-aand-kigger-ind-714671-kopi-1024x747.png 1024w, https:\/\/praemostro.com\/wp-content\/uploads\/Firefly_Gemini-Flash_jeg-skal-gerne-bruge-en-tegning-til-en-artikel-hvor-en-mand-troldmand-aand-kigger-ind-714671-kopi-768x560.png 768w, https:\/\/praemostro.com\/wp-content\/uploads\/Firefly_Gemini-Flash_jeg-skal-gerne-bruge-en-tegning-til-en-artikel-hvor-en-mand-troldmand-aand-kigger-ind-714671-kopi-16x12.png 16w\" sizes=\"(max-width: 1184px) 100vw, 1184px\" \/>\t\t\t\t\t\t\t\t\t\t\t\t\t\t\t<\/div>\n\t\t\t\t<\/div>\n\t\t\t\t<div class=\"elementor-element elementor-element-d719f7e elementor-widget elementor-widget-heading\" data-id=\"d719f7e\" data-element_type=\"widget\" data-e-type=\"widget\" data-widget_type=\"heading.default\">\n\t\t\t\t<div class=\"elementor-widget-container\">\n\t\t\t\t\t<h2 class=\"elementor-heading-title elementor-size-default\">Akutafdelingen oplever allerede gevinsterne ved at v\u00e6re p\u00e5 forkant!<\/h2>\t\t\t\t<\/div>\n\t\t\t\t<\/div>\n\t\t<div class=\"elementor-element elementor-element-ef1b6dd e-con-full e-flex e-con e-child\" data-id=\"ef1b6dd\" data-element_type=\"container\" data-e-type=\"container\">\n\t\t<div class=\"elementor-element elementor-element-b30e11b e-con-full e-flex e-con e-child\" data-id=\"b30e11b\" data-element_type=\"container\" data-e-type=\"container\">\n\t\t\t\t<div class=\"elementor-element elementor-element-12a8cf7 elementor-widget elementor-widget-text-editor\" data-id=\"12a8cf7\" data-element_type=\"widget\" data-e-type=\"widget\" data-widget_type=\"text-editor.default\">\n\t\t\t\t<div class=\"elementor-widget-container\">\n\t\t\t\t\t\t\t\t\t<p>Sikke en succes! Hos Praemostro er vi virkelig begejstrede over, at vores prognosel\u00f8sning nu ogs\u00e5 er taget i brug p\u00e5 Akutafdelingen p\u00e5 Nordsj\u00e6llands Hospital \u2013 og at den allerede skaber stor entusiasme i afdelingen.<\/p><div class=\"ms-outlook-mobile-reference-message skipProofing\">Implementeringen er resultatet af et t\u00e6t og m\u00e5lrettet samarbejde med Center for IT og Medicoteknologi (CIMT) i Region Hovedstaden og de gode folk i akutmodtagelsen. Med flid, vedholdenhed og f\u00e6lles faglig indsigt er \u201csp\u00e5kuglen\u201d som l\u00e6nge har fungeret p\u00e5\u00a0FAM OUH nu blevet omplantet og sat i drift i en ny kontekst. Det er et st\u00e6rkt eksempel p\u00e5, hvad vi kan l\u00f8fte sammen p\u00e5 tv\u00e6rs af regioner, klinikere og tekniske milj\u00f8er.<\/div><div class=\"ms-outlook-mobile-reference-message skipProofing\" dir=\"ltr\">\u00a0<\/div><h3 class=\"ms-outlook-mobile-reference-message skipProofing\"><b>Bedre overblik \u2013 bedre forl\u00f8b<\/b><\/h3><div class=\"ms-outlook-mobile-reference-message skipProofing\">Med prognosel\u00f8sningen f\u00e5r akutafdelingen nu mulighed for at se:<\/div><div class=\"ms-outlook-mobile-reference-message skipProofing\">\u2013 om der bliver travlt<\/div><div class=\"ms-outlook-mobile-reference-message skipProofing\">\u2013 hvor presset forventes<\/div><div class=\"ms-outlook-mobile-reference-message skipProofing\">\u2013 hvorn\u00e5r travlheden rammer<\/div><div class=\"ms-outlook-mobile-reference-message skipProofing\" dir=\"ltr\">\u00a0<\/div><div class=\"ms-outlook-mobile-reference-message skipProofing\">Det giver mulighed for at tilpasse fremm\u00f8de, kompetencer og flow, f\u00f8r presset stiger. Resultatet er bedre patientforl\u00f8b, mindre stress og et forbedret arbejdsmilj\u00f8 for personalet.<\/div><div class=\"ms-outlook-mobile-reference-message skipProofing\" dir=\"ltr\">\u00a0<\/div><h3 class=\"ms-outlook-mobile-reference-message skipProofing\"><b>En l\u00f8sning, der kan implementeres bredt<\/b><\/h3><div class=\"ms-outlook-mobile-reference-message skipProofing\">Vi gl\u00e6der os til at forts\u00e6tte dialogen med afdelinger, der \u00f8nsker en prognosel\u00f8sning i deres setup. At v\u00e6re p\u00e5 forkant med travlhed og ressourcer er ikke bare en fordel \u2013 det er en \u00e6gte gamechanger i akutmodtagelserne.<\/div><div class=\"ms-outlook-mobile-reference-message skipProofing\" dir=\"ltr\">\u00a0<\/div><h3 class=\"ms-outlook-mobile-reference-message skipProofing\"><b>Stor entusiasme p\u00e5 Nordsj\u00e6llands Hospital<\/b><\/h3><div class=\"ms-outlook-mobile-reference-message skipProofing\">Vi er glade for at opleve den st\u00e6rke opbakning og begejstring p\u00e5 Akutafdelingen p\u00e5 Nordsj\u00e6llands Hospital. Vi ser frem til at forts\u00e6tte samarbejdet og levere prognoser, der g\u00f8r en reel forskel i afdelingens hverdag.<\/div>\t\t\t\t\t\t\t\t<\/div>\n\t\t\t\t<\/div>\n\t\t\t\t<\/div>\n\t\t\t\t<div class=\"elementor-element elementor-element-e9d013a elementor-align-center elementor-tablet-align-left elementor-widget elementor-widget-button\" data-id=\"e9d013a\" data-element_type=\"widget\" data-e-type=\"widget\" data-widget_type=\"button.default\">\n\t\t\t\t<div class=\"elementor-widget-container\">\n\t\t\t\t\t\t\t\t\t<div class=\"elementor-button-wrapper\">\n\t\t\t\t\t<a class=\"elementor-button elementor-button-link elementor-size-sm\" href=\"https:\/\/praemostro.com\/en\/kontakt\/\">\n\t\t\t\t\t\t<span class=\"elementor-button-content-wrapper\">\n\t\t\t\t\t\t<span class=\"elementor-button-icon\">\n\t\t\t\t<i aria-hidden=\"true\" class=\"far fa-arrow-right\"><\/i>\t\t\t<\/span>\n\t\t\t\t\t\t\t\t\t<span class=\"elementor-button-text\">Kontakt os gerne for mere info<\/span>\n\t\t\t\t\t<\/span>\n\t\t\t\t\t<\/a>\n\t\t\t\t<\/div>\n\t\t\t\t\t\t\t\t<\/div>\n\t\t\t\t<\/div>\n\t\t\t\t<\/div>\n\t\t\t\t\t<\/div>\n\t\t\t\t<\/div>\n\t\t<div class=\"elementor-element elementor-element-8bca2c7 e-flex e-con-boxed e-con e-parent\" data-id=\"8bca2c7\" data-element_type=\"container\" data-e-type=\"container\" data-settings=\"{&quot;background_background&quot;:&quot;classic&quot;,&quot;shape_divider_top&quot;:&quot;waves&quot;}\">\n\t\t\t\t\t<div class=\"e-con-inner\">\n\t\t\t\t<div class=\"elementor-shape elementor-shape-top\" aria-hidden=\"true\" data-negative=\"false\">\n\t\t\t<svg xmlns=\"http:\/\/www.w3.org\/2000\/svg\" viewBox=\"0 0 1000 100\" preserveAspectRatio=\"none\">\n\t<path class=\"elementor-shape-fill\" d=\"M421.9,6.5c22.6-2.5,51.5,0.4,75.5,5.3c23.6,4.9,70.9,23.5,100.5,35.7c75.8,32.2,133.7,44.5,192.6,49.7\n\tc23.6,2.1,48.7,3.5,103.4-2.5c54.7-6,106.2-25.6,106.2-25.6V0H0v30.3c0,0,72,32.6,158.4,30.5c39.2-0.7,92.8-6.7,134-22.4\n\tc21.2-8.1,52.2-18.2,79.7-24.2C399.3,7.9,411.6,7.5,421.9,6.5z\"\/>\n<\/svg>\t\t<\/div>\n\t\t<div class=\"elementor-element elementor-element-0a0da5e e-con-full e-flex e-con e-child\" data-id=\"0a0da5e\" data-element_type=\"container\" data-e-type=\"container\">\n\t\t\t\t<div class=\"elementor-element elementor-element-033ead0 elementor-widget elementor-widget-heading\" data-id=\"033ead0\" data-element_type=\"widget\" data-e-type=\"widget\" data-widget_type=\"heading.default\">\n\t\t\t\t<div class=\"elementor-widget-container\">\n\t\t\t\t\t<h2 class=\"elementor-heading-title elementor-size-default\">Skal vi tage et kig ind i fremtiden?<\/h2>\t\t\t\t<\/div>\n\t\t\t\t<\/div>\n\t\t\t\t<div class=\"elementor-element elementor-element-c3012b9 elementor-widget elementor-widget-heading\" data-id=\"c3012b9\" data-element_type=\"widget\" data-e-type=\"widget\" data-widget_type=\"heading.default\">\n\t\t\t\t<div class=\"elementor-widget-container\">\n\t\t\t\t\t<h3 class=\"elementor-heading-title elementor-size-default\">Kontakt os, og vi vender tilbage hurtigst muligt<\/h3>\t\t\t\t<\/div>\n\t\t\t\t<\/div>\n\t\t\t\t<div class=\"elementor-element elementor-element-3cb66ff elementor-tablet-align-center elementor-mobile-align-center elementor-widget elementor-widget-button\" data-id=\"3cb66ff\" data-element_type=\"widget\" data-e-type=\"widget\" data-widget_type=\"button.default\">\n\t\t\t\t<div class=\"elementor-widget-container\">\n\t\t\t\t\t\t\t\t\t<div class=\"elementor-button-wrapper\">\n\t\t\t\t\t<a class=\"elementor-button elementor-button-link elementor-size-sm\" href=\"https:\/\/praemostro.com\/en\/kontakt\/\">\n\t\t\t\t\t\t<span class=\"elementor-button-content-wrapper\">\n\t\t\t\t\t\t<span class=\"elementor-button-icon\">\n\t\t\t\t<i aria-hidden=\"true\" class=\"far fa-arrow-right\"><\/i>\t\t\t<\/span>\n\t\t\t\t\t\t\t\t\t<span class=\"elementor-button-text\">Kontakt os<\/span>\n\t\t\t\t\t<\/span>\n\t\t\t\t\t<\/a>\n\t\t\t\t<\/div>\n\t\t\t\t\t\t\t\t<\/div>\n\t\t\t\t<\/div>\n\t\t\t\t<\/div>\n\t\t<div class=\"elementor-element elementor-element-20ad311 e-con-full e-flex e-con e-child\" data-id=\"20ad311\" data-element_type=\"container\" data-e-type=\"container\">\n\t\t\t\t<div class=\"elementor-element elementor-element-3619018 elementor-widget elementor-widget-image\" data-id=\"3619018\" data-element_type=\"widget\" data-e-type=\"widget\" data-settings=\"{&quot;motion_fx_motion_fx_scrolling&quot;:&quot;yes&quot;,&quot;motion_fx_translateY_effect&quot;:&quot;yes&quot;,&quot;motion_fx_translateY_direction&quot;:&quot;negative&quot;,&quot;motion_fx_translateY_speed&quot;:{&quot;unit&quot;:&quot;px&quot;,&quot;size&quot;:1,&quot;sizes&quot;:[]},&quot;motion_fx_translateY_affectedRange&quot;:{&quot;unit&quot;:&quot;%&quot;,&quot;size&quot;:&quot;&quot;,&quot;sizes&quot;:{&quot;start&quot;:0,&quot;end&quot;:50}},&quot;motion_fx_devices&quot;:[&quot;desktop&quot;,&quot;tablet&quot;,&quot;mobile&quot;]}\" data-widget_type=\"image.default\">\n\t\t\t\t<div class=\"elementor-widget-container\">\n\t\t\t\t\t\t\t\t\t\t\t\t\t\t\t<img decoding=\"async\" width=\"2048\" height=\"1368\" src=\"https:\/\/praemostro.com\/wp-content\/uploads\/Billede-3-scaled-1-scaled.webp\" class=\"attachment-full size-full wp-image-1794\" alt=\"\" srcset=\"https:\/\/praemostro.com\/wp-content\/uploads\/Billede-3-scaled-1-scaled.webp 2048w, https:\/\/praemostro.com\/wp-content\/uploads\/Billede-3-scaled-1-300x200.webp 300w, https:\/\/praemostro.com\/wp-content\/uploads\/Billede-3-scaled-1-1024x684.webp 1024w, https:\/\/praemostro.com\/wp-content\/uploads\/Billede-3-scaled-1-768x513.webp 768w, https:\/\/praemostro.com\/wp-content\/uploads\/Billede-3-scaled-1-1536x1026.webp 1536w, https:\/\/praemostro.com\/wp-content\/uploads\/Billede-3-scaled-1-18x12.webp 18w\" sizes=\"(max-width: 2048px) 100vw, 2048px\" \/>\t\t\t\t\t\t\t\t\t\t\t\t\t\t\t<\/div>\n\t\t\t\t<\/div>\n\t\t\t\t<\/div>\n\t\t\t\t\t<\/div>\n\t\t\t\t<\/div>\n\t\t\t\t<\/div>\n\t\t","protected":false},"excerpt":{"rendered":"<p>NYHED: Praemostros prognosel\u00f8sning i drift p\u00e5 Nordsj\u00e6llands Hospital Akutafdelingen oplever allerede gevinsterne ved at v\u00e6re p\u00e5 forkant! Sikke en succes! Hos Praemostro er vi virkelig begejstrede over, at vores prognosel\u00f8sning nu ogs\u00e5 er taget i brug p\u00e5 Akutafdelingen p\u00e5 Nordsj\u00e6llands Hospital \u2013 og at den allerede skaber stor entusiasme i afdelingen. Implementeringen er resultatet af [&hellip;]<\/p>\n","protected":false},"author":3,"featured_media":0,"parent":0,"menu_order":0,"comment_status":"closed","ping_status":"closed","template":"","meta":{"footnotes":""},"class_list":["post-2378","page","type-page","status-publish","hentry"],"yoast_head":"<!-- This site is optimized with the Yoast SEO plugin v27.5 - https:\/\/yoast.com\/product\/yoast-seo-wordpress\/ -->\n<title>Praemostros prognosel\u00f8sning i drift p\u00e5 Nordsj\u00e6llands Hospital - Praemostro<\/title>\n<meta name=\"description\" content=\"Hvordan virker Praemostros pr\u00e6diktionssystem? Det f\u00e5r du svar p\u00e5 i denne artikel. L\u00e6s med, og bliv klogere p\u00e5 vores forudsigelsesv\u00e6rkt\u00f8jer.\" \/>\n<meta name=\"robots\" content=\"index, follow, max-snippet:-1, max-image-preview:large, max-video-preview:-1\" \/>\n<link rel=\"canonical\" href=\"https:\/\/praemostro.com\/en\/praemostros-forecasting-solution-goes-live-at-nordsjaellands-hospital\/\" \/>\n<meta property=\"og:locale\" content=\"en_US\" \/>\n<meta property=\"og:type\" content=\"article\" \/>\n<meta property=\"og:title\" content=\"Praemostros prognosel\u00f8sning i drift p\u00e5 Nordsj\u00e6llands Hospital - Praemostro\" \/>\n<meta property=\"og:description\" content=\"Hvordan virker Praemostros pr\u00e6diktionssystem? Det f\u00e5r du svar p\u00e5 i denne artikel. L\u00e6s med, og bliv klogere p\u00e5 vores forudsigelsesv\u00e6rkt\u00f8jer.\" \/>\n<meta property=\"og:url\" content=\"https:\/\/praemostro.com\/en\/praemostros-forecasting-solution-goes-live-at-nordsjaellands-hospital\/\" \/>\n<meta property=\"og:site_name\" content=\"Praemostro\" \/>\n<meta property=\"article:modified_time\" content=\"2025-12-08T10:44:04+00:00\" \/>\n<meta property=\"og:image\" content=\"https:\/\/praemostro.com\/wp-content\/uploads\/Firefly_Gemini-Flash_jeg-skal-gerne-bruge-en-tegning-til-en-artikel-hvor-en-mand-troldmand-aand-kigger-ind-714671-kopi.png\" \/>\n\t<meta property=\"og:image:width\" content=\"1184\" \/>\n\t<meta property=\"og:image:height\" content=\"864\" \/>\n\t<meta property=\"og:image:type\" content=\"image\/png\" \/>\n<meta name=\"twitter:card\" content=\"summary_large_image\" \/>\n<meta name=\"twitter:label1\" content=\"Est. reading time\" \/>\n\t<meta name=\"twitter:data1\" content=\"2 minutes\" \/>\n<script type=\"application\/ld+json\" class=\"yoast-schema-graph\">{\"@context\":\"https:\\\/\\\/schema.org\",\"@graph\":[{\"@type\":\"WebPage\",\"@id\":\"https:\\\/\\\/praemostro.com\\\/praemostros-prognoseloesning-i-drift-paa-nordsjaellands-hospital\\\/\",\"url\":\"https:\\\/\\\/praemostro.com\\\/praemostros-prognoseloesning-i-drift-paa-nordsjaellands-hospital\\\/\",\"name\":\"Praemostros prognosel\u00f8sning i drift p\u00e5 Nordsj\u00e6llands Hospital - Praemostro\",\"isPartOf\":{\"@id\":\"https:\\\/\\\/praemostro.com\\\/#website\"},\"primaryImageOfPage\":{\"@id\":\"https:\\\/\\\/praemostro.com\\\/praemostros-prognoseloesning-i-drift-paa-nordsjaellands-hospital\\\/#primaryimage\"},\"image\":{\"@id\":\"https:\\\/\\\/praemostro.com\\\/praemostros-prognoseloesning-i-drift-paa-nordsjaellands-hospital\\\/#primaryimage\"},\"thumbnailUrl\":\"https:\\\/\\\/praemostro.com\\\/wp-content\\\/uploads\\\/Firefly_Gemini-Flash_jeg-skal-gerne-bruge-en-tegning-til-en-artikel-hvor-en-mand-troldmand-aand-kigger-ind-714671-kopi.png\",\"datePublished\":\"2025-12-08T10:31:53+00:00\",\"dateModified\":\"2025-12-08T10:44:04+00:00\",\"description\":\"Hvordan virker Praemostros pr\u00e6diktionssystem? Det f\u00e5r du svar p\u00e5 i denne artikel. L\u00e6s med, og bliv klogere p\u00e5 vores forudsigelsesv\u00e6rkt\u00f8jer.\",\"inLanguage\":\"en-US\",\"potentialAction\":[{\"@type\":\"ReadAction\",\"target\":[\"https:\\\/\\\/praemostro.com\\\/praemostros-prognoseloesning-i-drift-paa-nordsjaellands-hospital\\\/\"]}]},{\"@type\":\"ImageObject\",\"inLanguage\":\"en-US\",\"@id\":\"https:\\\/\\\/praemostro.com\\\/praemostros-prognoseloesning-i-drift-paa-nordsjaellands-hospital\\\/#primaryimage\",\"url\":\"https:\\\/\\\/praemostro.com\\\/wp-content\\\/uploads\\\/Firefly_Gemini-Flash_jeg-skal-gerne-bruge-en-tegning-til-en-artikel-hvor-en-mand-troldmand-aand-kigger-ind-714671-kopi.png\",\"contentUrl\":\"https:\\\/\\\/praemostro.com\\\/wp-content\\\/uploads\\\/Firefly_Gemini-Flash_jeg-skal-gerne-bruge-en-tegning-til-en-artikel-hvor-en-mand-troldmand-aand-kigger-ind-714671-kopi.png\"},{\"@type\":\"WebSite\",\"@id\":\"https:\\\/\\\/praemostro.com\\\/#website\",\"url\":\"https:\\\/\\\/praemostro.com\\\/\",\"name\":\"Praemostro\",\"description\":\"\",\"publisher\":{\"@id\":\"https:\\\/\\\/praemostro.com\\\/#organization\"},\"potentialAction\":[{\"@type\":\"SearchAction\",\"target\":{\"@type\":\"EntryPoint\",\"urlTemplate\":\"https:\\\/\\\/praemostro.com\\\/?s={search_term_string}\"},\"query-input\":{\"@type\":\"PropertyValueSpecification\",\"valueRequired\":true,\"valueName\":\"search_term_string\"}}],\"inLanguage\":\"en-US\"},{\"@type\":\"Organization\",\"@id\":\"https:\\\/\\\/praemostro.com\\\/#organization\",\"name\":\"Praemostro\",\"url\":\"https:\\\/\\\/praemostro.com\\\/\",\"logo\":{\"@type\":\"ImageObject\",\"inLanguage\":\"en-US\",\"@id\":\"https:\\\/\\\/praemostro.com\\\/#\\\/schema\\\/logo\\\/image\\\/\",\"url\":\"https:\\\/\\\/praemostro.com\\\/wp-content\\\/uploads\\\/Praemostro_Logo_Text_BO-scaled.png\",\"contentUrl\":\"https:\\\/\\\/praemostro.com\\\/wp-content\\\/uploads\\\/Praemostro_Logo_Text_BO-scaled.png\",\"width\":2048,\"height\":372,\"caption\":\"Praemostro\"},\"image\":{\"@id\":\"https:\\\/\\\/praemostro.com\\\/#\\\/schema\\\/logo\\\/image\\\/\"}}]}<\/script>\n<!-- \/ Yoast SEO plugin. -->","yoast_head_json":{"title":"Praemostro's forecasting solution goes live at Nordsj\u00e6llands Hospital - Praemostro","description":"How does Praemostro\u2019s prediction system work? You\u2019ll find the answer in this article. Read on and learn more about our forecasting tools.","robots":{"index":"index","follow":"follow","max-snippet":"max-snippet:-1","max-image-preview":"max-image-preview:large","max-video-preview":"max-video-preview:-1"},"canonical":"https:\/\/praemostro.com\/en\/praemostros-forecasting-solution-goes-live-at-nordsjaellands-hospital\/","og_locale":"en_US","og_type":"article","og_title":"Praemostros prognosel\u00f8sning i drift p\u00e5 Nordsj\u00e6llands Hospital - Praemostro","og_description":"Hvordan virker Praemostros pr\u00e6diktionssystem? Det f\u00e5r du svar p\u00e5 i denne artikel. L\u00e6s med, og bliv klogere p\u00e5 vores forudsigelsesv\u00e6rkt\u00f8jer.","og_url":"https:\/\/praemostro.com\/en\/praemostros-forecasting-solution-goes-live-at-nordsjaellands-hospital\/","og_site_name":"Praemostro","article_modified_time":"2025-12-08T10:44:04+00:00","og_image":[{"width":1184,"height":864,"url":"https:\/\/praemostro.com\/wp-content\/uploads\/Firefly_Gemini-Flash_jeg-skal-gerne-bruge-en-tegning-til-en-artikel-hvor-en-mand-troldmand-aand-kigger-ind-714671-kopi.png","type":"image\/png"}],"twitter_card":"summary_large_image","twitter_misc":{"Est. reading time":"2 minutes"},"schema":{"@context":"https:\/\/schema.org","@graph":[{"@type":"WebPage","@id":"https:\/\/praemostro.com\/praemostros-prognoseloesning-i-drift-paa-nordsjaellands-hospital\/","url":"https:\/\/praemostro.com\/praemostros-prognoseloesning-i-drift-paa-nordsjaellands-hospital\/","name":"Praemostro's forecasting solution goes live at Nordsj\u00e6llands Hospital - Praemostro","isPartOf":{"@id":"https:\/\/praemostro.com\/#website"},"primaryImageOfPage":{"@id":"https:\/\/praemostro.com\/praemostros-prognoseloesning-i-drift-paa-nordsjaellands-hospital\/#primaryimage"},"image":{"@id":"https:\/\/praemostro.com\/praemostros-prognoseloesning-i-drift-paa-nordsjaellands-hospital\/#primaryimage"},"thumbnailUrl":"https:\/\/praemostro.com\/wp-content\/uploads\/Firefly_Gemini-Flash_jeg-skal-gerne-bruge-en-tegning-til-en-artikel-hvor-en-mand-troldmand-aand-kigger-ind-714671-kopi.png","datePublished":"2025-12-08T10:31:53+00:00","dateModified":"2025-12-08T10:44:04+00:00","description":"How does Praemostro\u2019s prediction system work? You\u2019ll find the answer in this article. Read on and learn more about our forecasting tools.","inLanguage":"en-US","potentialAction":[{"@type":"ReadAction","target":["https:\/\/praemostro.com\/praemostros-prognoseloesning-i-drift-paa-nordsjaellands-hospital\/"]}]},{"@type":"ImageObject","inLanguage":"en-US","@id":"https:\/\/praemostro.com\/praemostros-prognoseloesning-i-drift-paa-nordsjaellands-hospital\/#primaryimage","url":"https:\/\/praemostro.com\/wp-content\/uploads\/Firefly_Gemini-Flash_jeg-skal-gerne-bruge-en-tegning-til-en-artikel-hvor-en-mand-troldmand-aand-kigger-ind-714671-kopi.png","contentUrl":"https:\/\/praemostro.com\/wp-content\/uploads\/Firefly_Gemini-Flash_jeg-skal-gerne-bruge-en-tegning-til-en-artikel-hvor-en-mand-troldmand-aand-kigger-ind-714671-kopi.png"},{"@type":"WebSite","@id":"https:\/\/praemostro.com\/#website","url":"https:\/\/praemostro.com\/","name":"Praemostro","description":"","publisher":{"@id":"https:\/\/praemostro.com\/#organization"},"potentialAction":[{"@type":"SearchAction","target":{"@type":"EntryPoint","urlTemplate":"https:\/\/praemostro.com\/?s={search_term_string}"},"query-input":{"@type":"PropertyValueSpecification","valueRequired":true,"valueName":"search_term_string"}}],"inLanguage":"en-US"},{"@type":"Organization","@id":"https:\/\/praemostro.com\/#organization","name":"Praemostro","url":"https:\/\/praemostro.com\/","logo":{"@type":"ImageObject","inLanguage":"en-US","@id":"https:\/\/praemostro.com\/#\/schema\/logo\/image\/","url":"https:\/\/praemostro.com\/wp-content\/uploads\/Praemostro_Logo_Text_BO-scaled.png","contentUrl":"https:\/\/praemostro.com\/wp-content\/uploads\/Praemostro_Logo_Text_BO-scaled.png","width":2048,"height":372,"caption":"Praemostro"},"image":{"@id":"https:\/\/praemostro.com\/#\/schema\/logo\/image\/"}}]}},"_links":{"self":[{"href":"https:\/\/praemostro.com\/en\/wp-json\/wp\/v2\/pages\/2378","targetHints":{"allow":["GET"]}}],"collection":[{"href":"https:\/\/praemostro.com\/en\/wp-json\/wp\/v2\/pages"}],"about":[{"href":"https:\/\/praemostro.com\/en\/wp-json\/wp\/v2\/types\/page"}],"author":[{"embeddable":true,"href":"https:\/\/praemostro.com\/en\/wp-json\/wp\/v2\/users\/3"}],"replies":[{"embeddable":true,"href":"https:\/\/praemostro.com\/en\/wp-json\/wp\/v2\/comments?post=2378"}],"version-history":[{"count":10,"href":"https:\/\/praemostro.com\/en\/wp-json\/wp\/v2\/pages\/2378\/revisions"}],"predecessor-version":[{"id":2398,"href":"https:\/\/praemostro.com\/en\/wp-json\/wp\/v2\/pages\/2378\/revisions\/2398"}],"wp:attachment":[{"href":"https:\/\/praemostro.com\/en\/wp-json\/wp\/v2\/media?parent=2378"}],"curies":[{"name":"wp","href":"https:\/\/api.w.org\/{rel}","templated":true}]}}