{"id":2495,"date":"2026-04-20T12:20:52","date_gmt":"2026-04-20T10:20:52","guid":{"rendered":"https:\/\/praemostro.com\/?page_id=2495"},"modified":"2026-04-20T13:15:12","modified_gmt":"2026-04-20T11:15:12","slug":"understanding-how-praemostro-works-in-practice","status":"publish","type":"page","link":"https:\/\/praemostro.com\/en\/saadan-haenger-praemostros-system-sammen\/","title":{"rendered":"Understanding how Praemostro works in practice"},"content":{"rendered":"\t\t<div data-elementor-type=\"wp-page\" data-elementor-id=\"2495\" class=\"elementor elementor-2495\" data-elementor-post-type=\"page\">\n\t\t\t\t<div class=\"elementor-element elementor-element-7644330 e-flex e-con-boxed e-con e-parent\" data-id=\"7644330\" data-element_type=\"container\" data-e-type=\"container\" data-settings=\"{&quot;background_background&quot;:&quot;classic&quot;,&quot;shape_divider_bottom&quot;:&quot;waves&quot;}\">\n\t\t\t\t\t<div class=\"e-con-inner\">\n\t\t\t\t<div class=\"elementor-shape elementor-shape-bottom\" aria-hidden=\"true\" data-negative=\"false\">\n\t\t\t<svg xmlns=\"http:\/\/www.w3.org\/2000\/svg\" viewBox=\"0 0 1000 100\" preserveAspectRatio=\"none\">\n\t<path class=\"elementor-shape-fill\" d=\"M421.9,6.5c22.6-2.5,51.5,0.4,75.5,5.3c23.6,4.9,70.9,23.5,100.5,35.7c75.8,32.2,133.7,44.5,192.6,49.7\n\tc23.6,2.1,48.7,3.5,103.4-2.5c54.7-6,106.2-25.6,106.2-25.6V0H0v30.3c0,0,72,32.6,158.4,30.5c39.2-0.7,92.8-6.7,134-22.4\n\tc21.2-8.1,52.2-18.2,79.7-24.2C399.3,7.9,411.6,7.5,421.9,6.5z\"\/>\n<\/svg>\t\t<\/div>\n\t\t\t\t<div class=\"elementor-element elementor-element-a8e5c9e elementor-widget elementor-widget-heading\" data-id=\"a8e5c9e\" data-element_type=\"widget\" data-e-type=\"widget\" data-widget_type=\"heading.default\">\n\t\t\t\t<div class=\"elementor-widget-container\">\n\t\t\t\t\t<h1 class=\"elementor-heading-title elementor-size-default\">S\u00e5dan h\u00e6nger Praemostros system sammen\n<\/h1>\t\t\t\t<\/div>\n\t\t\t\t<\/div>\n\t\t\t\t<div class=\"elementor-element elementor-element-362689d elementor-align-center elementor-widget elementor-widget-post-info\" data-id=\"362689d\" data-element_type=\"widget\" data-e-type=\"widget\" data-widget_type=\"post-info.default\">\n\t\t\t\t<div class=\"elementor-widget-container\">\n\t\t\t\t\t\t\t<ul class=\"elementor-inline-items elementor-icon-list-items elementor-post-info\">\n\t\t\t\t\t\t\t\t<li class=\"elementor-icon-list-item elementor-repeater-item-2fc19d4 elementor-inline-item\" itemprop=\"datePublished\">\n\t\t\t\t\t\t\t\t\t\t<span class=\"elementor-icon-list-icon\">\n\t\t\t\t\t\t\t\t<i aria-hidden=\"true\" class=\"fas fa-calendar\"><\/i>\t\t\t\t\t\t\t<\/span>\n\t\t\t\t\t\t\t\t\t<span class=\"elementor-icon-list-text elementor-post-info__item elementor-post-info__item--type-date\">\n\t\t\t\t\t\t\t\t\t\t<time>20\/04\/2026<\/time>\t\t\t\t\t<\/span>\n\t\t\t\t\t\t\t\t<\/li>\n\t\t\t\t<\/ul>\n\t\t\t\t\t\t<\/div>\n\t\t\t\t<\/div>\n\t\t\t\t\t<\/div>\n\t\t\t\t<\/div>\n\t\t<div class=\"elementor-element elementor-element-87cbfec e-flex e-con-boxed e-con e-parent\" data-id=\"87cbfec\" data-element_type=\"container\" data-e-type=\"container\">\n\t\t\t\t\t<div class=\"e-con-inner\">\n\t\t\t\t<div class=\"elementor-element elementor-element-833cb3e elementor-widget elementor-widget-image\" data-id=\"833cb3e\" data-element_type=\"widget\" data-e-type=\"widget\" data-widget_type=\"image.default\">\n\t\t\t\t<div class=\"elementor-widget-container\">\n\t\t\t\t\t\t\t\t\t\t\t\t\t\t\t<img fetchpriority=\"high\" decoding=\"async\" width=\"1024\" height=\"671\" src=\"https:\/\/praemostro.com\/wp-content\/uploads\/Billede-7-1024x671-1.webp\" class=\"attachment-full size-full wp-image-1973\" alt=\"\" srcset=\"https:\/\/praemostro.com\/wp-content\/uploads\/Billede-7-1024x671-1.webp 1024w, https:\/\/praemostro.com\/wp-content\/uploads\/Billede-7-1024x671-1-300x197.webp 300w, https:\/\/praemostro.com\/wp-content\/uploads\/Billede-7-1024x671-1-768x503.webp 768w, https:\/\/praemostro.com\/wp-content\/uploads\/Billede-7-1024x671-1-18x12.webp 18w\" sizes=\"(max-width: 1024px) 100vw, 1024px\" \/>\t\t\t\t\t\t\t\t\t\t\t\t\t\t\t<\/div>\n\t\t\t\t<\/div>\n\t\t\t\t<div class=\"elementor-element elementor-element-d719f7e elementor-widget elementor-widget-heading\" data-id=\"d719f7e\" data-element_type=\"widget\" data-e-type=\"widget\" data-widget_type=\"heading.default\">\n\t\t\t\t<div class=\"elementor-widget-container\">\n\t\t\t\t\t<h2 class=\"elementor-heading-title elementor-size-default\">Praemostro er udviklet til at hj\u00e6lpe hospitaler med at forst\u00e5 og forudsige belastningen i deres akutafdelinger og kliniske arbejdsmilj\u00f8er.<\/h2>\t\t\t\t<\/div>\n\t\t\t\t<\/div>\n\t\t<div class=\"elementor-element elementor-element-ef1b6dd e-con-full e-flex e-con e-child\" data-id=\"ef1b6dd\" data-element_type=\"container\" data-e-type=\"container\">\n\t\t<div class=\"elementor-element elementor-element-b30e11b e-con-full e-flex e-con e-child\" data-id=\"b30e11b\" data-element_type=\"container\" data-e-type=\"container\">\n\t\t\t\t<div class=\"elementor-element elementor-element-12a8cf7 elementor-widget elementor-widget-text-editor\" data-id=\"12a8cf7\" data-element_type=\"widget\" data-e-type=\"widget\" data-widget_type=\"text-editor.default\">\n\t\t\t\t<div class=\"elementor-widget-container\">\n\t\t\t\t\t\t\t\t\t<div class=\"ms-outlook-mobile-reference-message skipProofing\"><p>Systemet er bygget op omkring en r\u00e6kke modeller og v\u00e6rkt\u00f8jer, der tilsammen skaber et samlet overblik over, hvordan patientaktivitet udvikler sig \u2013 og hvordan den kan oms\u00e6ttes til bedre beslutninger i praksis.<\/p><p style=\"font-weight: 400;\">I denne artikel f\u00e5r du det samlede overblik.<\/p><\/div><div class=\"ms-outlook-mobile-reference-message skipProofing\" dir=\"ltr\">\u00a0<\/div><h3 style=\"font-weight: 400;\"><strong>Et system bygget p\u00e5 forudsigelse og forst\u00e5else<\/strong><\/h3><div class=\"ms-outlook-mobile-reference-message skipProofing\"><p style=\"font-weight: 400;\">Kernen i <a href=\"https:\/\/praemostro.com\/hvem-er-praemostro\/\">Praemostro<\/a> er at forudsige, hvordan patientflow udvikler sig over tid.<\/p><p style=\"font-weight: 400;\">Det handler ikke kun om at se, hvor travlt der er lige nu, men om at skabe et billede af, hvad der er p\u00e5 vej \u2013 og hvorn\u00e5r belastningen \u00e6ndrer sig. Det g\u00f8r det muligt at arbejde mere proaktivt med bemanding, kapacitet og planl\u00e6gning.<\/p><\/div><div class=\"ms-outlook-mobile-reference-message skipProofing\" dir=\"ltr\">\u00a0<\/div><h3 style=\"font-weight: 400;\"><strong>PraeSight \u2013 det korte udsyn<\/strong><\/h3><div class=\"ms-outlook-mobile-reference-message skipProofing\"><p style=\"font-weight: 400;\"><a href=\"https:\/\/praemostro.com\/praesight-forecast-for-de-naeste-12-timer\/\">PraeSight<\/a> er designet til at give et kortsigtet overblik over patientaktivitet. Her handler det om de n\u00e6ste timer, hvor sm\u00e5 udsving i eftersp\u00f8rgslen kan f\u00e5 stor betydning for arbejdspres og flow i afdelingen. Form\u00e5let er at give et aktuelt beslutningsgrundlag, der kan underst\u00f8tte den daglige drift.<\/p><\/div><div class=\"ms-outlook-mobile-reference-message skipProofing\" dir=\"ltr\">\u00a0<\/div><h3 style=\"font-weight: 400;\"><strong>PraePlan \u2013 det lange udsyn<\/strong><\/h3><div class=\"ms-outlook-mobile-reference-message skipProofing\"><p style=\"font-weight: 400;\">Hvor PraeSight fokuserer p\u00e5 det korte perspektiv, handler <a href=\"https:\/\/praemostro.com\/praeplan-optimering-af-vagtplanlaegingen\/\">PraePlan<\/a> om den l\u00e6ngere planl\u00e6gning. Her bruges statistiske modeller til at forudsige belastningsm\u00f8nstre l\u00e6ngere ude i fremtiden. Det g\u00f8r det muligt at planl\u00e6gge ressourcer mere strategisk og forberede sig p\u00e5 perioder med \u00f8get pres.<\/p><p>\u00a0<\/p><h3 style=\"font-weight: 400;\"><strong>Fra data til beslutning<\/strong><\/h3><p style=\"font-weight: 400;\">Praemostros system bygger p\u00e5 data og statistiske modeller, der oms\u00e6tter historiske m\u00f8nstre til fremadrettede forudsigelser. Men v\u00e6rdien ligger ikke i data alene. Den ligger i, at informationen bliver gjort anvendelig i en klinisk hverdag, hvor beslutninger skal tr\u00e6ffes hurtigt og under pres.<\/p><p>\u00a0<\/p><h3 style=\"font-weight: 400;\"><strong>Forudsigelser i praksis<\/strong><\/h3><p style=\"font-weight: 400;\">N\u00e5r systemet er i brug, bliver det en del af den daglige planl\u00e6gning i afdelingen. Det kan fx underst\u00f8tte beslutninger om:<\/p><ul><li>bemanding<\/li><li>kapacitetsstyring<\/li><li>fordeling af ressourcer<\/li><li>h\u00e5ndtering af spidsbelastninger<\/li><\/ul><p>\u00a0<\/p><p style=\"font-weight: 400;\">Det giver et mere stabilt grundlag for at reagere p\u00e5 variation i patientflow.<\/p><p>\u00a0<\/p><h3 style=\"font-weight: 400;\"><strong>Et f\u00e6lles overblik<\/strong><\/h3><p style=\"font-weight: 400;\">Et vigtigt element i Praemostro er at skabe et f\u00e6lles billede af situationen. N\u00e5r alle arbejder ud fra samme forventning til belastningen, bliver koordinering lettere, og beslutninger mere konsistente. Det kan v\u00e6re med til at reducere b\u00e5de usikkerhed og <a href=\"https:\/\/praemostro.com\/organisatoriske-forhold-med-betydning-for-personaletrivsel-og-driftsoekonomi-i-akutmodtagelser\/\">belastning i arbejdet<\/a>.<\/p><h3>\u00a0<\/h3><h3 style=\"font-weight: 400;\"><strong>Samlet set<\/strong><\/h3><p style=\"font-weight: 400;\">Praemostro best\u00e5r af flere lag, der tilsammen skaber et system til forst\u00e5else og forudsigelse af patientflow:<\/p><ul><li>korte forudsigelser af den akutte belastning<\/li><li>l\u00e6ngere planl\u00e6gningsmodeller<\/li><li><a href=\"https:\/\/praemostro.com\/saadan-laeser-du-praemostros-graf\/\">visuelle<\/a> og anvendelige beslutningsgrundlag<\/li><li>en f\u00e6lles forst\u00e5else af udviklingen i aktivitet<\/li><\/ul><p>\u00a0<\/p><p style=\"font-weight: 400;\">Det er samspillet mellem disse elementer, der g\u00f8r systemet anvendeligt i praksis.<\/p><\/div>\t\t\t\t\t\t\t\t<\/div>\n\t\t\t\t<\/div>\n\t\t\t\t<\/div>\n\t\t\t\t<div class=\"elementor-element elementor-element-e9d013a elementor-align-center elementor-tablet-align-left elementor-widget elementor-widget-button\" data-id=\"e9d013a\" data-element_type=\"widget\" data-e-type=\"widget\" data-widget_type=\"button.default\">\n\t\t\t\t<div class=\"elementor-widget-container\">\n\t\t\t\t\t\t\t\t\t<div class=\"elementor-button-wrapper\">\n\t\t\t\t\t<a class=\"elementor-button elementor-button-link elementor-size-sm\" href=\"https:\/\/praemostro.com\/en\/kontakt\/\">\n\t\t\t\t\t\t<span class=\"elementor-button-content-wrapper\">\n\t\t\t\t\t\t<span class=\"elementor-button-icon\">\n\t\t\t\t<i aria-hidden=\"true\" class=\"far fa-arrow-right\"><\/i>\t\t\t<\/span>\n\t\t\t\t\t\t\t\t\t<span class=\"elementor-button-text\">Kontakt os gerne for mere info<\/span>\n\t\t\t\t\t<\/span>\n\t\t\t\t\t<\/a>\n\t\t\t\t<\/div>\n\t\t\t\t\t\t\t\t<\/div>\n\t\t\t\t<\/div>\n\t\t\t\t<\/div>\n\t\t\t\t\t<\/div>\n\t\t\t\t<\/div>\n\t\t<div class=\"elementor-element elementor-element-8bca2c7 e-flex e-con-boxed e-con e-parent\" data-id=\"8bca2c7\" data-element_type=\"container\" data-e-type=\"container\" data-settings=\"{&quot;background_background&quot;:&quot;classic&quot;,&quot;shape_divider_top&quot;:&quot;waves&quot;}\">\n\t\t\t\t\t<div class=\"e-con-inner\">\n\t\t\t\t<div class=\"elementor-shape elementor-shape-top\" aria-hidden=\"true\" data-negative=\"false\">\n\t\t\t<svg xmlns=\"http:\/\/www.w3.org\/2000\/svg\" viewBox=\"0 0 1000 100\" preserveAspectRatio=\"none\">\n\t<path class=\"elementor-shape-fill\" d=\"M421.9,6.5c22.6-2.5,51.5,0.4,75.5,5.3c23.6,4.9,70.9,23.5,100.5,35.7c75.8,32.2,133.7,44.5,192.6,49.7\n\tc23.6,2.1,48.7,3.5,103.4-2.5c54.7-6,106.2-25.6,106.2-25.6V0H0v30.3c0,0,72,32.6,158.4,30.5c39.2-0.7,92.8-6.7,134-22.4\n\tc21.2-8.1,52.2-18.2,79.7-24.2C399.3,7.9,411.6,7.5,421.9,6.5z\"\/>\n<\/svg>\t\t<\/div>\n\t\t<div class=\"elementor-element elementor-element-0a0da5e e-con-full e-flex e-con e-child\" data-id=\"0a0da5e\" data-element_type=\"container\" data-e-type=\"container\">\n\t\t\t\t<div class=\"elementor-element elementor-element-033ead0 elementor-widget elementor-widget-heading\" data-id=\"033ead0\" data-element_type=\"widget\" data-e-type=\"widget\" data-widget_type=\"heading.default\">\n\t\t\t\t<div class=\"elementor-widget-container\">\n\t\t\t\t\t<h2 class=\"elementor-heading-title elementor-size-default\">Skal vi tage et kig ind i fremtiden?<\/h2>\t\t\t\t<\/div>\n\t\t\t\t<\/div>\n\t\t\t\t<div class=\"elementor-element elementor-element-c3012b9 elementor-widget elementor-widget-heading\" data-id=\"c3012b9\" data-element_type=\"widget\" data-e-type=\"widget\" data-widget_type=\"heading.default\">\n\t\t\t\t<div class=\"elementor-widget-container\">\n\t\t\t\t\t<h3 class=\"elementor-heading-title elementor-size-default\">Kontakt os, og vi vender tilbage hurtigst muligt<\/h3>\t\t\t\t<\/div>\n\t\t\t\t<\/div>\n\t\t\t\t<div class=\"elementor-element elementor-element-3cb66ff elementor-tablet-align-center elementor-mobile-align-center elementor-widget elementor-widget-button\" data-id=\"3cb66ff\" data-element_type=\"widget\" data-e-type=\"widget\" data-widget_type=\"button.default\">\n\t\t\t\t<div class=\"elementor-widget-container\">\n\t\t\t\t\t\t\t\t\t<div class=\"elementor-button-wrapper\">\n\t\t\t\t\t<a class=\"elementor-button elementor-button-link elementor-size-sm\" href=\"https:\/\/praemostro.com\/en\/kontakt\/\">\n\t\t\t\t\t\t<span class=\"elementor-button-content-wrapper\">\n\t\t\t\t\t\t<span class=\"elementor-button-icon\">\n\t\t\t\t<i aria-hidden=\"true\" class=\"far fa-arrow-right\"><\/i>\t\t\t<\/span>\n\t\t\t\t\t\t\t\t\t<span class=\"elementor-button-text\">Kontakt os<\/span>\n\t\t\t\t\t<\/span>\n\t\t\t\t\t<\/a>\n\t\t\t\t<\/div>\n\t\t\t\t\t\t\t\t<\/div>\n\t\t\t\t<\/div>\n\t\t\t\t<\/div>\n\t\t<div class=\"elementor-element elementor-element-20ad311 e-con-full e-flex e-con e-child\" data-id=\"20ad311\" data-element_type=\"container\" data-e-type=\"container\">\n\t\t\t\t<div class=\"elementor-element elementor-element-3619018 elementor-widget elementor-widget-image\" data-id=\"3619018\" data-element_type=\"widget\" data-e-type=\"widget\" data-settings=\"{&quot;motion_fx_motion_fx_scrolling&quot;:&quot;yes&quot;,&quot;motion_fx_translateY_effect&quot;:&quot;yes&quot;,&quot;motion_fx_translateY_direction&quot;:&quot;negative&quot;,&quot;motion_fx_translateY_speed&quot;:{&quot;unit&quot;:&quot;px&quot;,&quot;size&quot;:1,&quot;sizes&quot;:[]},&quot;motion_fx_translateY_affectedRange&quot;:{&quot;unit&quot;:&quot;%&quot;,&quot;size&quot;:&quot;&quot;,&quot;sizes&quot;:{&quot;start&quot;:0,&quot;end&quot;:50}},&quot;motion_fx_devices&quot;:[&quot;desktop&quot;,&quot;tablet&quot;,&quot;mobile&quot;]}\" data-widget_type=\"image.default\">\n\t\t\t\t<div class=\"elementor-widget-container\">\n\t\t\t\t\t\t\t\t\t\t\t\t\t\t\t<img decoding=\"async\" width=\"2048\" height=\"1368\" src=\"https:\/\/praemostro.com\/wp-content\/uploads\/Billede-3-scaled-1-scaled.webp\" class=\"attachment-full size-full wp-image-1794\" alt=\"\" srcset=\"https:\/\/praemostro.com\/wp-content\/uploads\/Billede-3-scaled-1-scaled.webp 2048w, https:\/\/praemostro.com\/wp-content\/uploads\/Billede-3-scaled-1-300x200.webp 300w, https:\/\/praemostro.com\/wp-content\/uploads\/Billede-3-scaled-1-1024x684.webp 1024w, https:\/\/praemostro.com\/wp-content\/uploads\/Billede-3-scaled-1-768x513.webp 768w, https:\/\/praemostro.com\/wp-content\/uploads\/Billede-3-scaled-1-1536x1026.webp 1536w, https:\/\/praemostro.com\/wp-content\/uploads\/Billede-3-scaled-1-18x12.webp 18w\" sizes=\"(max-width: 2048px) 100vw, 2048px\" \/>\t\t\t\t\t\t\t\t\t\t\t\t\t\t\t<\/div>\n\t\t\t\t<\/div>\n\t\t\t\t<\/div>\n\t\t\t\t\t<\/div>\n\t\t\t\t<\/div>\n\t\t\t\t<\/div>\n\t\t","protected":false},"excerpt":{"rendered":"<p>S\u00e5dan h\u00e6nger Praemostros system sammen Praemostro er udviklet til at hj\u00e6lpe hospitaler med at forst\u00e5 og forudsige belastningen i deres akutafdelinger og kliniske arbejdsmilj\u00f8er. Systemet er bygget op omkring en r\u00e6kke modeller og v\u00e6rkt\u00f8jer, der tilsammen skaber et samlet overblik over, hvordan patientaktivitet udvikler sig \u2013 og hvordan den kan oms\u00e6ttes til bedre beslutninger i [&hellip;]<\/p>\n","protected":false},"author":3,"featured_media":0,"parent":0,"menu_order":0,"comment_status":"closed","ping_status":"closed","template":"","meta":{"footnotes":""},"class_list":["post-2495","page","type-page","status-publish","hentry"],"yoast_head":"<!-- This site is optimized with the Yoast SEO plugin v27.4 - https:\/\/yoast.com\/product\/yoast-seo-wordpress\/ -->\n<title>S\u00e5dan h\u00e6nger Praemostros system sammen - Praemostro<\/title>\n<meta name=\"description\" content=\"S\u00e5dan h\u00e6nger Praemostros system sammen: Det er udviklet til at hj\u00e6lpe hospitaler med at forudsige belastningen i deres akutafdelinger\" \/>\n<meta name=\"robots\" content=\"index, follow, max-snippet:-1, max-image-preview:large, max-video-preview:-1\" \/>\n<link rel=\"canonical\" href=\"https:\/\/praemostro.com\/en\/understanding-how-praemostro-works-in-practice\/\" \/>\n<meta property=\"og:locale\" content=\"en_US\" \/>\n<meta property=\"og:type\" content=\"article\" \/>\n<meta property=\"og:title\" content=\"S\u00e5dan h\u00e6nger Praemostros system sammen - Praemostro\" \/>\n<meta property=\"og:description\" content=\"S\u00e5dan h\u00e6nger Praemostros system sammen: Det er udviklet til at hj\u00e6lpe hospitaler med at forudsige belastningen i deres akutafdelinger\" \/>\n<meta property=\"og:url\" content=\"https:\/\/praemostro.com\/en\/understanding-how-praemostro-works-in-practice\/\" \/>\n<meta property=\"og:site_name\" content=\"Praemostro\" \/>\n<meta property=\"article:modified_time\" content=\"2026-04-20T11:15:12+00:00\" \/>\n<meta property=\"og:image\" content=\"https:\/\/praemostro.com\/wp-content\/uploads\/Billede-7-1024x671-1.webp\" \/>\n\t<meta property=\"og:image:width\" content=\"1024\" \/>\n\t<meta property=\"og:image:height\" content=\"671\" \/>\n\t<meta property=\"og:image:type\" content=\"image\/webp\" \/>\n<meta name=\"twitter:card\" content=\"summary_large_image\" \/>\n<meta name=\"twitter:label1\" content=\"Est. reading time\" \/>\n\t<meta name=\"twitter:data1\" content=\"3 minutes\" \/>\n<script type=\"application\/ld+json\" class=\"yoast-schema-graph\">{\"@context\":\"https:\\\/\\\/schema.org\",\"@graph\":[{\"@type\":\"WebPage\",\"@id\":\"https:\\\/\\\/praemostro.com\\\/saadan-haenger-praemostros-system-sammen\\\/\",\"url\":\"https:\\\/\\\/praemostro.com\\\/saadan-haenger-praemostros-system-sammen\\\/\",\"name\":\"S\u00e5dan h\u00e6nger Praemostros system sammen - Praemostro\",\"isPartOf\":{\"@id\":\"https:\\\/\\\/praemostro.com\\\/#website\"},\"primaryImageOfPage\":{\"@id\":\"https:\\\/\\\/praemostro.com\\\/saadan-haenger-praemostros-system-sammen\\\/#primaryimage\"},\"image\":{\"@id\":\"https:\\\/\\\/praemostro.com\\\/saadan-haenger-praemostros-system-sammen\\\/#primaryimage\"},\"thumbnailUrl\":\"https:\\\/\\\/praemostro.com\\\/wp-content\\\/uploads\\\/Billede-7-1024x671-1.webp\",\"datePublished\":\"2026-04-20T10:20:52+00:00\",\"dateModified\":\"2026-04-20T11:15:12+00:00\",\"description\":\"S\u00e5dan h\u00e6nger Praemostros system sammen: Det er udviklet til at hj\u00e6lpe hospitaler med at forudsige belastningen i deres akutafdelinger\",\"inLanguage\":\"en-US\",\"potentialAction\":[{\"@type\":\"ReadAction\",\"target\":[\"https:\\\/\\\/praemostro.com\\\/saadan-haenger-praemostros-system-sammen\\\/\"]}]},{\"@type\":\"ImageObject\",\"inLanguage\":\"en-US\",\"@id\":\"https:\\\/\\\/praemostro.com\\\/saadan-haenger-praemostros-system-sammen\\\/#primaryimage\",\"url\":\"https:\\\/\\\/praemostro.com\\\/wp-content\\\/uploads\\\/Billede-7-1024x671-1.webp\",\"contentUrl\":\"https:\\\/\\\/praemostro.com\\\/wp-content\\\/uploads\\\/Billede-7-1024x671-1.webp\"},{\"@type\":\"WebSite\",\"@id\":\"https:\\\/\\\/praemostro.com\\\/#website\",\"url\":\"https:\\\/\\\/praemostro.com\\\/\",\"name\":\"Praemostro\",\"description\":\"\",\"publisher\":{\"@id\":\"https:\\\/\\\/praemostro.com\\\/#organization\"},\"potentialAction\":[{\"@type\":\"SearchAction\",\"target\":{\"@type\":\"EntryPoint\",\"urlTemplate\":\"https:\\\/\\\/praemostro.com\\\/?s={search_term_string}\"},\"query-input\":{\"@type\":\"PropertyValueSpecification\",\"valueRequired\":true,\"valueName\":\"search_term_string\"}}],\"inLanguage\":\"en-US\"},{\"@type\":\"Organization\",\"@id\":\"https:\\\/\\\/praemostro.com\\\/#organization\",\"name\":\"Praemostro\",\"url\":\"https:\\\/\\\/praemostro.com\\\/\",\"logo\":{\"@type\":\"ImageObject\",\"inLanguage\":\"en-US\",\"@id\":\"https:\\\/\\\/praemostro.com\\\/#\\\/schema\\\/logo\\\/image\\\/\",\"url\":\"https:\\\/\\\/praemostro.com\\\/wp-content\\\/uploads\\\/Praemostro_Logo_Text_BO-scaled.png\",\"contentUrl\":\"https:\\\/\\\/praemostro.com\\\/wp-content\\\/uploads\\\/Praemostro_Logo_Text_BO-scaled.png\",\"width\":2048,\"height\":372,\"caption\":\"Praemostro\"},\"image\":{\"@id\":\"https:\\\/\\\/praemostro.com\\\/#\\\/schema\\\/logo\\\/image\\\/\"}}]}<\/script>\n<!-- \/ Yoast SEO plugin. -->","yoast_head_json":{"title":"Understanding how Praemostro works in practice","description":"S\u00e5dan h\u00e6nger Praemostros system sammen: Det er udviklet til at hj\u00e6lpe hospitaler med at forudsige belastningen i deres akutafdelinger","robots":{"index":"index","follow":"follow","max-snippet":"max-snippet:-1","max-image-preview":"max-image-preview:large","max-video-preview":"max-video-preview:-1"},"canonical":"https:\/\/praemostro.com\/en\/understanding-how-praemostro-works-in-practice\/","og_locale":"en_US","og_type":"article","og_title":"S\u00e5dan h\u00e6nger Praemostros system sammen - Praemostro","og_description":"S\u00e5dan h\u00e6nger Praemostros system sammen: Det er udviklet til at hj\u00e6lpe hospitaler med at forudsige belastningen i deres akutafdelinger","og_url":"https:\/\/praemostro.com\/en\/understanding-how-praemostro-works-in-practice\/","og_site_name":"Praemostro","article_modified_time":"2026-04-20T11:15:12+00:00","og_image":[{"width":1024,"height":671,"url":"https:\/\/praemostro.com\/wp-content\/uploads\/Billede-7-1024x671-1.webp","type":"image\/webp"}],"twitter_card":"summary_large_image","twitter_misc":{"Est. reading time":"3 minutes"},"schema":{"@context":"https:\/\/schema.org","@graph":[{"@type":"WebPage","@id":"https:\/\/praemostro.com\/saadan-haenger-praemostros-system-sammen\/","url":"https:\/\/praemostro.com\/saadan-haenger-praemostros-system-sammen\/","name":"Understanding how Praemostro works in practice","isPartOf":{"@id":"https:\/\/praemostro.com\/#website"},"primaryImageOfPage":{"@id":"https:\/\/praemostro.com\/saadan-haenger-praemostros-system-sammen\/#primaryimage"},"image":{"@id":"https:\/\/praemostro.com\/saadan-haenger-praemostros-system-sammen\/#primaryimage"},"thumbnailUrl":"https:\/\/praemostro.com\/wp-content\/uploads\/Billede-7-1024x671-1.webp","datePublished":"2026-04-20T10:20:52+00:00","dateModified":"2026-04-20T11:15:12+00:00","description":"S\u00e5dan h\u00e6nger Praemostros system sammen: Det er udviklet til at hj\u00e6lpe hospitaler med at forudsige belastningen i deres akutafdelinger","inLanguage":"en-US","potentialAction":[{"@type":"ReadAction","target":["https:\/\/praemostro.com\/saadan-haenger-praemostros-system-sammen\/"]}]},{"@type":"ImageObject","inLanguage":"en-US","@id":"https:\/\/praemostro.com\/saadan-haenger-praemostros-system-sammen\/#primaryimage","url":"https:\/\/praemostro.com\/wp-content\/uploads\/Billede-7-1024x671-1.webp","contentUrl":"https:\/\/praemostro.com\/wp-content\/uploads\/Billede-7-1024x671-1.webp"},{"@type":"WebSite","@id":"https:\/\/praemostro.com\/#website","url":"https:\/\/praemostro.com\/","name":"Praemostro","description":"","publisher":{"@id":"https:\/\/praemostro.com\/#organization"},"potentialAction":[{"@type":"SearchAction","target":{"@type":"EntryPoint","urlTemplate":"https:\/\/praemostro.com\/?s={search_term_string}"},"query-input":{"@type":"PropertyValueSpecification","valueRequired":true,"valueName":"search_term_string"}}],"inLanguage":"en-US"},{"@type":"Organization","@id":"https:\/\/praemostro.com\/#organization","name":"Praemostro","url":"https:\/\/praemostro.com\/","logo":{"@type":"ImageObject","inLanguage":"en-US","@id":"https:\/\/praemostro.com\/#\/schema\/logo\/image\/","url":"https:\/\/praemostro.com\/wp-content\/uploads\/Praemostro_Logo_Text_BO-scaled.png","contentUrl":"https:\/\/praemostro.com\/wp-content\/uploads\/Praemostro_Logo_Text_BO-scaled.png","width":2048,"height":372,"caption":"Praemostro"},"image":{"@id":"https:\/\/praemostro.com\/#\/schema\/logo\/image\/"}}]}},"_links":{"self":[{"href":"https:\/\/praemostro.com\/en\/wp-json\/wp\/v2\/pages\/2495","targetHints":{"allow":["GET"]}}],"collection":[{"href":"https:\/\/praemostro.com\/en\/wp-json\/wp\/v2\/pages"}],"about":[{"href":"https:\/\/praemostro.com\/en\/wp-json\/wp\/v2\/types\/page"}],"author":[{"embeddable":true,"href":"https:\/\/praemostro.com\/en\/wp-json\/wp\/v2\/users\/3"}],"replies":[{"embeddable":true,"href":"https:\/\/praemostro.com\/en\/wp-json\/wp\/v2\/comments?post=2495"}],"version-history":[{"count":20,"href":"https:\/\/praemostro.com\/en\/wp-json\/wp\/v2\/pages\/2495\/revisions"}],"predecessor-version":[{"id":2522,"href":"https:\/\/praemostro.com\/en\/wp-json\/wp\/v2\/pages\/2495\/revisions\/2522"}],"wp:attachment":[{"href":"https:\/\/praemostro.com\/en\/wp-json\/wp\/v2\/media?parent=2495"}],"curies":[{"name":"wp","href":"https:\/\/api.w.org\/{rel}","templated":true}]}}